{"id":35,"date":"2021-08-31T02:13:41","date_gmt":"2021-08-31T00:13:41","guid":{"rendered":"https:\/\/vilaghir.com\/?page_id=35"},"modified":"2021-08-31T02:13:41","modified_gmt":"2021-08-31T00:13:41","slug":"keszitse-el-webhelyet-blokkokkal-2","status":"publish","type":"page","link":"https:\/\/vilaghir.com\/index.php\/keszitse-el-webhelyet-blokkokkal-2\/","title":{"rendered":"K\u00e9sz\u00edtse el webhely\u00e9t blokkokkal"},"content":{"rendered":"\n\t\t\t\t\t\n\t\t\t\t\t<h2 class=\"alignwide has-text-align-wide has-gigantic-font-size wp-block-heading\" style=\"line-height:1.1\">K\u00e9sz\u00edtse el webhely\u00e9t blokkokkal<\/h2>\n\t\t\t\t\t\n\n\t\t\t\t\t\n\t\t\t\t\t<div style=\"height:100px\" aria-hidden=\"true\" class=\"wp-block-spacer\"><\/div>\n\t\t\t\t\t\n\n\t\t\t\t\t\n\t\t\t\t\t<div class=\"wp-block-columns alignwide are-vertically-aligned-center is-style-twentytwentyone-columns-overlap is-layout-flex wp-container-core-columns-is-layout-9d6595d7 wp-block-columns-is-layout-flex\">\n\t\t\t\t\t<div class=\"wp-block-column is-vertically-aligned-center is-layout-flow wp-block-column-is-layout-flow\">\n\t\t\t\t\t<figure class=\"wp-block-image alignfull size-large\"><img decoding=\"async\" src=\"https:\/\/vilaghir.com\/wp-content\/themes\/twentytwentyone\/assets\/images\/roses-tremieres-hollyhocks-1884.jpg\" alt=\"&#8220;Roses Tr\u00e9mi\u00e8res&#8221; szerz\u0151: Berthe Morisot\"\/><\/figure>\n\t\t\t\t\t\n\n\t\t\t\t\t\n\t\t\t\t\t<div style=\"height:100px\" aria-hidden=\"true\" class=\"wp-block-spacer\"><\/div>\n\t\t\t\t\t\n\n\t\t\t\t\t\n\t\t\t\t\t<figure class=\"wp-block-image alignfull size-large is-style-twentytwentyone-image-frame\"><img decoding=\"async\" src=\"https:\/\/vilaghir.com\/wp-content\/themes\/twentytwentyone\/assets\/images\/in-the-bois-de-boulogne.jpg\" alt=\"&#8220;A Bois de Boulogne-ban&#8221;, szerz\u0151: Berthe Morisot\"\/><\/figure>\n\t\t\t\t\t<\/div>\n\t\t\t\t\t\n\n\t\t\t\t\t\n\t\t\t\t\t<div class=\"wp-block-column is-vertically-aligned-center is-layout-flow wp-block-column-is-layout-flow\">\n\t\t\t\t\t<div style=\"height:100px\" aria-hidden=\"true\" class=\"wp-block-spacer\"><\/div>\n\t\t\t\t\t\n\n\t\t\t\t\t\n\t\t\t\t\t<figure class=\"wp-block-image size-large alignfull size-full is-style-twentytwentyone-border\"><img decoding=\"async\" src=\"https:\/\/vilaghir.com\/wp-content\/themes\/twentytwentyone\/assets\/images\/young-woman-in-mauve.jpg\" alt=\"&#8220;Fiatal n\u0151 m\u00e1lyvasz\u00ednben&#8221;, szerz\u0151: Berthe Morisot\"\/><\/figure>\n\t\t\t\t\t<\/div>\n\t\t\t\t\t<\/div>\n\t\t\t\t\t\n\n\t\t\t\t\t\n\t\t\t\t\t<div style=\"height:50px\" aria-hidden=\"true\" class=\"wp-block-spacer\"><\/div>\n\t\t\t\t\t\n\n\t\t\t\t\t\n\t\t\t\t\t<div class=\"wp-block-columns alignwide are-vertically-aligned-top is-layout-flex wp-container-core-columns-is-layout-9d6595d7 wp-block-columns-is-layout-flex\">\n\t\t\t\t\t<div class=\"wp-block-column is-vertically-aligned-top is-layout-flow wp-block-column-is-layout-flow\">\n\t\t\t\t\t<h3 class=\"wp-block-heading\">Blokkmint\u00e1k hozz\u00e1ad\u00e1sa<\/h3>\n\t\t\t\t\t\n\n\t\t\t\t\t\n\t\t\t\t\t<p>A blokkmint\u00e1k el\u0151re megtervezett blokkcsoportok. Hozz\u00e1ad\u00e1s\u00e1hoz v\u00e1lassza a Blokk hozz\u00e1ad\u00e1sa gombot [+] a szerkeszt\u0151 tetej\u00e9n l\u00e9v\u0151 eszk\u00f6zt\u00e1ron. V\u00e1ltson a keres\u0151s\u00e1v alatti Mint\u00e1k f\u00fclre, \u00e9s v\u00e1lasszon ki egy mint\u00e1t.<\/p>\n\t\t\t\t\t<\/div>\n\t\t\t\t\t\n\n\t\t\t\t\t\n\t\t\t\t\t<div class=\"wp-block-column is-vertically-aligned-top is-layout-flow wp-block-column-is-layout-flow\">\n\t\t\t\t\t<h3 class=\"wp-block-heading\">Keretezze be k\u00e9peit<\/h3>\n\t\t\t\t\t\n\n\t\t\t\t\t\n\t\t\t\t\t<p>A Twenty Twenty-One st\u00edlusos szeg\u00e9lyeket tartalmaz a tartalm\u00e1hoz. Ha egy k\u00e9pblokk ki van jel\u00f6lve, nyissa meg a \u201eSt\u00edlusok\u201d panelt a Szerkeszt\u0151 oldals\u00e1vj\u00e1n. Az aktiv\u00e1l\u00e1s\u00e1hoz jel\u00f6lje ki a \u201eKeret\u201d blokkst\u00edlust.<\/p>\n\t\t\t\t\t<\/div>\n\t\t\t\t\t\n\n\t\t\t\t\t\n\t\t\t\t\t<div class=\"wp-block-column is-vertically-aligned-top is-layout-flow wp-block-column-is-layout-flow\">\n\t\t\t\t\t<h3 class=\"wp-block-heading\">\u00c1tfed\u0151 oszlopok<\/h3>\n\t\t\t\t\t\n\n\t\t\t\t\t\n\t\t\t\t\t<p>A Twenty Twenty-One egy \u00e1tfed\u0151 st\u00edlust is tartalmaz az oszlopblokkokhoz. Ha egy oszlopblokk ki van jel\u00f6lve, nyissa meg a \u201eSt\u00edlusok\u201d panelt a Szerkeszt\u0151 oldals\u00e1von. A kipr\u00f3b\u00e1l\u00e1shoz jel\u00f6lje ki az \u201e\u00c1tfed\u00e9s\u201d blokkst\u00edlust.<\/p>\n\t\t\t\t\t<\/div>\n\t\t\t\t\t<\/div>\n\t\t\t\t\t\n\n\t\t\t\t\t\n\t\t\t\t\t<div style=\"height:100px\" aria-hidden=\"true\" class=\"wp-block-spacer\"><\/div>\n\t\t\t\t\t\n\n\t\t\t\t\t\n\t\t\t\t\t<div class=\"wp-block-cover alignwide has-green-background-color has-background-dim is-style-twentytwentyone-border\"><div class=\"wp-block-cover__inner-container is-layout-flow wp-block-cover-is-layout-flow\">\n\t\t\t\t\t<div style=\"height:20px\" aria-hidden=\"true\" class=\"wp-block-spacer\"><\/div>\n\t\t\t\t\t\n\n\t\t\t\t\t\n\t\t\t\t\t<p class=\"has-huge-font-size\">Seg\u00edts\u00e9gre van sz\u00fcks\u00e9g?<\/p>\n\t\t\t\t\t\n\n\t\t\t\t\t\n\t\t\t\t\t<div style=\"height:75px\" aria-hidden=\"true\" class=\"wp-block-spacer\"><\/div>\n\t\t\t\t\t\n\n\t\t\t\t\t\n\t\t\t\t\t<div class=\"wp-block-columns is-layout-flex wp-container-core-columns-is-layout-9d6595d7 wp-block-columns-is-layout-flex\">\n\t\t\t\t\t<div class=\"wp-block-column is-layout-flow wp-block-column-is-layout-flow\">\n\t\t\t\t\t<p><a href=\"https:\/\/wordpress.org\/support\/article\/twenty-twenty-one\/\">Olvassa el a sablondokument\u00e1ci\u00f3t<\/a><\/p>\n\t\t\t\t\t<\/div>\n\t\t\t\t\t\n\n\t\t\t\t\t\n\t\t\t\t\t<div class=\"wp-block-column is-layout-flow wp-block-column-is-layout-flow\">\n\t\t\t\t\t<p><a href=\"https:\/\/wordpress.org\/support\/theme\/twentytwentyone\/\">Tekintse meg a t\u00e1mogat\u00f3 f\u00f3rumokat<\/a><\/p>\n\t\t\t\t\t<\/div>\n\t\t\t\t\t<\/div>\n\t\t\t\t\t\n\n\t\t\t\t\t\n\t\t\t\t\t<div style=\"height:20px\" aria-hidden=\"true\" class=\"wp-block-spacer\"><\/div>\n\t\t\t\t\t<\/div><\/div>\n\t\t\t\t\t","protected":false},"excerpt":{"rendered":"<p>K\u00e9sz\u00edtse el webhely\u00e9t blokkokkal Blokkmint\u00e1k hozz\u00e1ad\u00e1sa A blokkmint\u00e1k el\u0151re megtervezett blokkcsoportok. Hozz\u00e1ad\u00e1s\u00e1hoz v\u00e1lassza a Blokk hozz\u00e1ad\u00e1sa gombot [+] a szerkeszt\u0151 tetej\u00e9n l\u00e9v\u0151 eszk\u00f6zt\u00e1ron. V\u00e1ltson a keres\u0151s\u00e1v alatti Mint\u00e1k f\u00fclre, \u00e9s v\u00e1lasszon ki egy mint\u00e1t. Keretezze be k\u00e9peit A Twenty Twenty-One st\u00edlusos szeg\u00e9lyeket tartalmaz a tartalm\u00e1hoz. Ha egy k\u00e9pblokk ki van jel\u00f6lve, nyissa meg a \u201eSt\u00edlusok\u201d&#8230;<\/p>\n","protected":false},"author":1,"featured_media":0,"parent":0,"menu_order":0,"comment_status":"closed","ping_status":"closed","template":"","meta":{"om_disable_all_campaigns":false,"_monsterinsights_skip_tracking":false,"_monsterinsights_sitenote_active":false,"_monsterinsights_sitenote_note":"","_monsterinsights_sitenote_category":0,"spay_email":"","footnotes":""},"class_list":["post-35","page","type-page","status-publish","hentry"],"_links":{"self":[{"href":"https:\/\/vilaghir.com\/index.php\/wp-json\/wp\/v2\/pages\/35","targetHints":{"allow":["GET"]}}],"collection":[{"href":"https:\/\/vilaghir.com\/index.php\/wp-json\/wp\/v2\/pages"}],"about":[{"href":"https:\/\/vilaghir.com\/index.php\/wp-json\/wp\/v2\/types\/page"}],"author":[{"embeddable":true,"href":"https:\/\/vilaghir.com\/index.php\/wp-json\/wp\/v2\/users\/1"}],"replies":[{"embeddable":true,"href":"https:\/\/vilaghir.com\/index.php\/wp-json\/wp\/v2\/comments?post=35"}],"version-history":[{"count":1,"href":"https:\/\/vilaghir.com\/index.php\/wp-json\/wp\/v2\/pages\/35\/revisions"}],"predecessor-version":[{"id":57,"href":"https:\/\/vilaghir.com\/index.php\/wp-json\/wp\/v2\/pages\/35\/revisions\/57"}],"wp:attachment":[{"href":"https:\/\/vilaghir.com\/index.php\/wp-json\/wp\/v2\/media?parent=35"}],"curies":[{"name":"wp","href":"https:\/\/api.w.org\/{rel}","templated":true}]}}